{"id":91586,"date":"2022-03-24T18:29:10","date_gmt":"2022-03-24T17:29:10","guid":{"rendered":"\/?page_id=91586"},"modified":"2022-04-05T18:14:11","modified_gmt":"2022-04-05T16:14:11","slug":"necessite-de-moullet-homage-to-luc-moullet-filmmaker-and-montagnard","status":"publish","type":"page","link":"https:\/\/trentofestival.it\/en\/necessite-de-moullet-homage-to-luc-moullet-filmmaker-and-montagnard\/","title":{"rendered":"N\u00e9cessit\u00e9 de Moullet &#8211; Homage to Luc Moullet, filmmaker and montagnard"},"content":{"rendered":"<h4>The French filmmaker returns to Trento 60 years after his first visit and a historic article on the festival, to present a selection of his &#8220;alpine&#8221; films.<\/h4>\n<hr \/>\n<p><em>Mountain &#8211; and therefore, indeed, and in theory, mountain cinema &#8211; is an integral and necessary part of life &#8211; and therefore of cinema. Mountain cinema is not a specialty for initiates, and one cannot do without it, as with animation cinema. It is a fact and an aesthetic necessity. That this has been forgotten here for thirteen years now authorizes me, obliges me to take care of it.<\/em><br \/>\n&#8220;N\u00e9cessit\u00e9 de Trento&#8221;, Luc Moullet (Cahiers du cin\u00e9ma, n. 153, March 1964)<\/p>\n<hr \/>\n<p>In the 70-year history of the Trento festival, there is a moment that strangely enough has not been recorded in the publications and chronicles: the striking publication in <strong>Cahiers du cin\u00e9ma<\/strong>, the most influential film magazine of all time, in March 1964, or rather in the famous &#8220;yellow&#8221; period of the magazine, when great directors such as Truffaut, Rivette, Godard, Chabrol and Rohmer were writing and training in the editorial staff, of the article &#8220;<strong>N\u00e9cessit\u00e9 de Trento<\/strong>&#8220;, a brilliant and thorough reflection on cinema and the mountains inspired by the program of the 12th edition of the festival, by a young critic, a novice filmmaker and a mountain and mountaineering enthusiast: <strong>Luc Moullet<\/strong>.<\/p>\n<p>Born in 1937, <strong>Moullet<\/strong> joined the Cahiers du cin\u00e9ma at the age of 18, and directed his first works in 1960, from the beginning switching with ease between short and feature films. Since then he made a total of 38 films of all formats and genres, often playing with the canons of traditional narrative, all linked by a taste for the comic and the absurd, and by the recurring presence of mountains.<\/p>\n<p><strong>Moullet<\/strong> returned to the Trento festival the following year as well, writing for the <strong>Cahiers<\/strong> of November 1964 a taxonomic account of the 13th edition (which ended with an appreciation for the quality of Trentino milk), and among the Dolomites he was supposed to return for the projects of two films that unfortunately were never made: <em>Vortex<\/em> to be shot on the Bocchette Alte in the Brenta Dolomites, and <em>Gusela<\/em> inspired by the Gusela del Vescov\u00e0, symbol of the Belluno Pre-Alps and Dolomites.<\/p>\n<p>This homage therefore pays due tribute and thanks, almost 60 years later, not only to one of the most &#8220;mountaineer&#8221; (or <em>mountainophile<\/em>?) filmmakers in the history of cinema, but also to the person to whom the festival owes what is probably the most relevant and intelligent account of the event ever read in the international press.<\/p>\n<hr \/>\n<p><em>Program curated by <strong>Sergio Fant<\/strong>, Head of Program, Trento Film Festival.<\/em><\/p>\n<div style=\"font-family: proxima_novasemibold;font-size: 14px;line-height: 16px;margin: 40px 0 4px\">Supported by<\/div>\n<ul class=\"partners\" style=\"margin: 0\">\n<li class=\"wording has-url has-image\" style=\"margin-top: 0\"><a title=\"Institut fran\u00e7ais Italia\" href=\"https:\/\/www.institutfrancais.it\/\" target=\"_blank\"><img decoding=\"async\" title=\"Institut fran\u00e7ais Italia\" alt=\"Institut fran\u00e7ais Italia\" src=\"\/wp-content\/uploads\/2022\/04\/instutute-francais-italia-web.png\" \/><\/a><\/li>\n<\/ul>\n","protected":false},"excerpt":{"rendered":"<p>The French filmmaker returns to Trento 60 years after his first visit and a historic article on the festival, to present a selection of his &#8220;alpine&#8221; films. Mountain &#8211; and therefore, indeed, and in theory, mountain cinema &#8211; is an integral and necessary part of life &#8211; and therefore of cinema. Mountain cinema is not [&hellip;]<\/p>\n","protected":false},"author":60,"featured_media":91585,"parent":0,"menu_order":0,"comment_status":"open","ping_status":"open","template":"festival-movies-custom-list.php","meta":{"footnotes":""},"class_list":["post-91586","page","type-page","status-publish","has-post-thumbnail","hentry","odd"],"_links":{"self":[{"href":"https:\/\/trentofestival.it\/en\/wp-json\/wp\/v2\/pages\/91586","targetHints":{"allow":["GET"]}}],"collection":[{"href":"https:\/\/trentofestival.it\/en\/wp-json\/wp\/v2\/pages"}],"about":[{"href":"https:\/\/trentofestival.it\/en\/wp-json\/wp\/v2\/types\/page"}],"author":[{"embeddable":true,"href":"https:\/\/trentofestival.it\/en\/wp-json\/wp\/v2\/users\/60"}],"replies":[{"embeddable":true,"href":"https:\/\/trentofestival.it\/en\/wp-json\/wp\/v2\/comments?post=91586"}],"version-history":[{"count":0,"href":"https:\/\/trentofestival.it\/en\/wp-json\/wp\/v2\/pages\/91586\/revisions"}],"wp:featuredmedia":[{"embeddable":true,"href":"https:\/\/trentofestival.it\/en\/wp-json\/wp\/v2\/media\/91585"}],"wp:attachment":[{"href":"https:\/\/trentofestival.it\/en\/wp-json\/wp\/v2\/media?parent=91586"}],"curies":[{"name":"wp","href":"https:\/\/api.w.org\/{rel}","templated":true}]}}